{"id":105,"date":"2023-07-10T13:58:18","date_gmt":"2023-07-10T12:58:18","guid":{"rendered":"https:\/\/optimizmuskhe.hu\/?page_id=105"},"modified":"2025-07-03T15:01:02","modified_gmt":"2025-07-03T13:01:02","slug":"kisallatbemutato-okokert","status":"publish","type":"page","link":"https:\/\/optimizmuskhe.hu\/?page_id=105","title":{"rendered":"Kis\u00e1llatbemutat\u00f3 \u00d6kokert"},"content":{"rendered":"\n<p>Egyes\u00fclet\u00fcnk 2009-ben kezdte meg Kis\u00e1llatbemutat\u00f3-\u00d6kokert kialak\u00edt\u00e1sa \u00e9s m\u0171k\u00f6dtet\u00e9se Jut\u00e1ban programj\u00e1t. Itt \u00e1lland\u00f3 ki\u00e1ll\u00edt\u00e1s tekinthet\u0151 meg, ahol a l\u00e1togat\u00f3k megismerhetnek egzotikus \u00e1llatokat, k\u00fcl\u00f6nb\u00f6z\u0151 baromfifajt\u00e1kat. M\u0171k\u00f6d\u00e9s k\u00f6zben megtekinthetik a k\u00fcl\u00f6nf\u00e9le szennyv\u00edz, tr\u00e1gyakezel\u00e9si rendszereket, \u00e9s term\u00e9szetbar\u00e1t kertkult\u00fara leg\u00fajabb eredm\u00e9nyeit.<\/p>\n\n\n\n<p>A fejleszt\u00e9s sor\u00e1n megval\u00f3sult egy \u00e1llath\u00e1z, benne 16 r\u00f6pd\u00e9vel, egy 12 r\u00e9szb\u0151l \u00e1ll\u00f3 mobil voliersor \u00e9s egy mad\u00e1rv\u00e9delmi eszk\u00f6z\u00f6kkel berendezett mintakert. Itt lehet\u0151s\u00e9g ny\u00edlik a modern,bakt\u00e9riumos szennyv\u00edzkezel\u00e9s, \u00e9s a mad\u00e1rbar\u00e1t kertkult\u00fara bemutat\u00e1s\u00e1ra.<\/p>\n\n\n\n<p><\/p>\n\n\n\n<figure class=\"wp-block-gallery has-nested-images columns-default is-cropped wp-block-gallery-1 is-layout-flex wp-block-gallery-is-layout-flex\">\n<figure class=\"wp-block-image size-large\"><img loading=\"lazy\" decoding=\"async\" width=\"625\" height=\"468\" data-id=\"141\" src=\"https:\/\/optimizmuskhe.hu\/wp-content\/uploads\/2023\/07\/Kep3.jpg\" alt=\"\" class=\"wp-image-141\" srcset=\"https:\/\/optimizmuskhe.hu\/wp-content\/uploads\/2023\/07\/Kep3.jpg 625w, https:\/\/optimizmuskhe.hu\/wp-content\/uploads\/2023\/07\/Kep3-300x225.jpg 300w\" sizes=\"auto, (max-width: 625px) 100vw, 625px\" \/><\/figure>\n\n\n\n<figure class=\"wp-block-image size-large\"><img loading=\"lazy\" decoding=\"async\" width=\"625\" height=\"468\" data-id=\"143\" src=\"https:\/\/optimizmuskhe.hu\/wp-content\/uploads\/2023\/07\/Kep6.jpg\" alt=\"\" class=\"wp-image-143\" srcset=\"https:\/\/optimizmuskhe.hu\/wp-content\/uploads\/2023\/07\/Kep6.jpg 625w, https:\/\/optimizmuskhe.hu\/wp-content\/uploads\/2023\/07\/Kep6-300x225.jpg 300w\" sizes=\"auto, (max-width: 625px) 100vw, 625px\" \/><\/figure>\n\n\n\n<figure class=\"wp-block-image size-large\"><img loading=\"lazy\" decoding=\"async\" width=\"625\" height=\"468\" data-id=\"142\" src=\"https:\/\/optimizmuskhe.hu\/wp-content\/uploads\/2023\/07\/Kep4.jpg\" alt=\"\" class=\"wp-image-142\" srcset=\"https:\/\/optimizmuskhe.hu\/wp-content\/uploads\/2023\/07\/Kep4.jpg 625w, https:\/\/optimizmuskhe.hu\/wp-content\/uploads\/2023\/07\/Kep4-300x225.jpg 300w\" sizes=\"auto, (max-width: 625px) 100vw, 625px\" \/><\/figure>\n\n\n\n<figure class=\"wp-block-image size-large\"><img loading=\"lazy\" decoding=\"async\" width=\"625\" height=\"469\" data-id=\"145\" src=\"https:\/\/optimizmuskhe.hu\/wp-content\/uploads\/2023\/07\/Kep8.jpg\" alt=\"\" class=\"wp-image-145\" srcset=\"https:\/\/optimizmuskhe.hu\/wp-content\/uploads\/2023\/07\/Kep8.jpg 625w, https:\/\/optimizmuskhe.hu\/wp-content\/uploads\/2023\/07\/Kep8-300x225.jpg 300w\" sizes=\"auto, (max-width: 625px) 100vw, 625px\" \/><\/figure>\n\n\n\n<figure class=\"wp-block-image size-large\"><img loading=\"lazy\" decoding=\"async\" width=\"625\" height=\"469\" data-id=\"144\" src=\"https:\/\/optimizmuskhe.hu\/wp-content\/uploads\/2023\/07\/Kep7.jpg\" alt=\"\" class=\"wp-image-144\" srcset=\"https:\/\/optimizmuskhe.hu\/wp-content\/uploads\/2023\/07\/Kep7.jpg 625w, https:\/\/optimizmuskhe.hu\/wp-content\/uploads\/2023\/07\/Kep7-300x225.jpg 300w\" sizes=\"auto, (max-width: 625px) 100vw, 625px\" \/><\/figure>\n\n\n\n<figure class=\"wp-block-image size-large\"><img loading=\"lazy\" decoding=\"async\" width=\"625\" height=\"469\" data-id=\"146\" src=\"https:\/\/optimizmuskhe.hu\/wp-content\/uploads\/2023\/07\/Kep9.jpg\" alt=\"\" class=\"wp-image-146\" srcset=\"https:\/\/optimizmuskhe.hu\/wp-content\/uploads\/2023\/07\/Kep9.jpg 625w, https:\/\/optimizmuskhe.hu\/wp-content\/uploads\/2023\/07\/Kep9-300x225.jpg 300w\" sizes=\"auto, (max-width: 625px) 100vw, 625px\" \/><\/figure>\n\n\n\n<figure class=\"wp-block-image size-large\"><img loading=\"lazy\" decoding=\"async\" width=\"625\" height=\"469\" data-id=\"147\" src=\"https:\/\/optimizmuskhe.hu\/wp-content\/uploads\/2023\/07\/Kep10.jpg\" alt=\"\" class=\"wp-image-147\" srcset=\"https:\/\/optimizmuskhe.hu\/wp-content\/uploads\/2023\/07\/Kep10.jpg 625w, https:\/\/optimizmuskhe.hu\/wp-content\/uploads\/2023\/07\/Kep10-300x225.jpg 300w\" sizes=\"auto, (max-width: 625px) 100vw, 625px\" \/><\/figure>\n\n\n\n<figure class=\"wp-block-image size-large\"><img loading=\"lazy\" decoding=\"async\" width=\"625\" height=\"469\" data-id=\"148\" src=\"https:\/\/optimizmuskhe.hu\/wp-content\/uploads\/2023\/07\/Kep11.jpg\" alt=\"\" class=\"wp-image-148\" srcset=\"https:\/\/optimizmuskhe.hu\/wp-content\/uploads\/2023\/07\/Kep11.jpg 625w, https:\/\/optimizmuskhe.hu\/wp-content\/uploads\/2023\/07\/Kep11-300x225.jpg 300w\" sizes=\"auto, (max-width: 625px) 100vw, 625px\" \/><\/figure>\n\n\n\n<figure class=\"wp-block-image size-large\"><img loading=\"lazy\" decoding=\"async\" width=\"625\" height=\"469\" data-id=\"149\" src=\"https:\/\/optimizmuskhe.hu\/wp-content\/uploads\/2023\/07\/Kep12.jpg\" alt=\"\" class=\"wp-image-149\" srcset=\"https:\/\/optimizmuskhe.hu\/wp-content\/uploads\/2023\/07\/Kep12.jpg 625w, https:\/\/optimizmuskhe.hu\/wp-content\/uploads\/2023\/07\/Kep12-300x225.jpg 300w\" sizes=\"auto, (max-width: 625px) 100vw, 625px\" \/><\/figure>\n\n\n\n<figure class=\"wp-block-image size-large\"><img loading=\"lazy\" decoding=\"async\" width=\"625\" height=\"469\" data-id=\"151\" src=\"https:\/\/optimizmuskhe.hu\/wp-content\/uploads\/2023\/07\/Kep14.jpg\" alt=\"\" class=\"wp-image-151\" srcset=\"https:\/\/optimizmuskhe.hu\/wp-content\/uploads\/2023\/07\/Kep14.jpg 625w, https:\/\/optimizmuskhe.hu\/wp-content\/uploads\/2023\/07\/Kep14-300x225.jpg 300w\" sizes=\"auto, (max-width: 625px) 100vw, 625px\" \/><\/figure>\n\n\n\n<figure class=\"wp-block-image size-large\"><img loading=\"lazy\" decoding=\"async\" width=\"625\" height=\"469\" data-id=\"150\" src=\"https:\/\/optimizmuskhe.hu\/wp-content\/uploads\/2023\/07\/Kep13.jpg\" alt=\"\" class=\"wp-image-150\" srcset=\"https:\/\/optimizmuskhe.hu\/wp-content\/uploads\/2023\/07\/Kep13.jpg 625w, https:\/\/optimizmuskhe.hu\/wp-content\/uploads\/2023\/07\/Kep13-300x225.jpg 300w\" sizes=\"auto, (max-width: 625px) 100vw, 625px\" \/><\/figure>\n\n\n\n<figure class=\"wp-block-image size-large\"><img loading=\"lazy\" decoding=\"async\" width=\"625\" height=\"469\" data-id=\"154\" src=\"https:\/\/optimizmuskhe.hu\/wp-content\/uploads\/2023\/07\/Kep17.jpg\" alt=\"\" class=\"wp-image-154\" srcset=\"https:\/\/optimizmuskhe.hu\/wp-content\/uploads\/2023\/07\/Kep17.jpg 625w, https:\/\/optimizmuskhe.hu\/wp-content\/uploads\/2023\/07\/Kep17-300x225.jpg 300w\" sizes=\"auto, (max-width: 625px) 100vw, 625px\" \/><\/figure>\n\n\n\n<figure class=\"wp-block-image size-large\"><img loading=\"lazy\" decoding=\"async\" width=\"625\" height=\"469\" data-id=\"153\" src=\"https:\/\/optimizmuskhe.hu\/wp-content\/uploads\/2023\/07\/Kep16.jpg\" alt=\"\" class=\"wp-image-153\" srcset=\"https:\/\/optimizmuskhe.hu\/wp-content\/uploads\/2023\/07\/Kep16.jpg 625w, https:\/\/optimizmuskhe.hu\/wp-content\/uploads\/2023\/07\/Kep16-300x225.jpg 300w\" sizes=\"auto, (max-width: 625px) 100vw, 625px\" \/><\/figure>\n\n\n\n<figure class=\"wp-block-image size-large\"><img loading=\"lazy\" decoding=\"async\" width=\"200\" height=\"150\" data-id=\"152\" src=\"https:\/\/optimizmuskhe.hu\/wp-content\/uploads\/2023\/07\/Kep15.jpg\" alt=\"\" class=\"wp-image-152\"\/><\/figure>\n\n\n\n<figure class=\"wp-block-image size-large\"><img loading=\"lazy\" decoding=\"async\" width=\"200\" height=\"150\" data-id=\"106\" src=\"https:\/\/optimizmuskhe.hu\/wp-content\/uploads\/2023\/07\/Kep1.jpg\" alt=\"\" class=\"wp-image-106\"\/><\/figure>\n\n\n\n<figure class=\"wp-block-image size-large\"><img loading=\"lazy\" decoding=\"async\" width=\"200\" height=\"150\" data-id=\"107\" src=\"https:\/\/optimizmuskhe.hu\/wp-content\/uploads\/2023\/07\/Kep2.jpg\" alt=\"\" class=\"wp-image-107\"\/><\/figure>\n<\/figure>\n","protected":false},"excerpt":{"rendered":"<p>Egyes\u00fclet\u00fcnk 2009-ben kezdte meg Kis\u00e1llatbemutat\u00f3-\u00d6kokert kialak\u00edt\u00e1sa \u00e9s m\u0171k\u00f6dtet\u00e9se Jut\u00e1ban programj\u00e1t. Itt \u00e1lland\u00f3 ki\u00e1ll\u00edt\u00e1s tekinthet\u0151 meg, ahol a l\u00e1togat\u00f3k megismerhetnek egzotikus \u00e1llatokat, k\u00fcl\u00f6nb\u00f6z\u0151 baromfifajt\u00e1kat. M\u0171k\u00f6d\u00e9s k\u00f6zben &hellip;<\/p>\n","protected":false},"author":1,"featured_media":0,"parent":0,"menu_order":0,"comment_status":"closed","ping_status":"closed","template":"","meta":{"footnotes":""},"class_list":["post-105","page","type-page","status-publish","hentry"],"_links":{"self":[{"href":"https:\/\/optimizmuskhe.hu\/index.php?rest_route=\/wp\/v2\/pages\/105","targetHints":{"allow":["GET"]}}],"collection":[{"href":"https:\/\/optimizmuskhe.hu\/index.php?rest_route=\/wp\/v2\/pages"}],"about":[{"href":"https:\/\/optimizmuskhe.hu\/index.php?rest_route=\/wp\/v2\/types\/page"}],"author":[{"embeddable":true,"href":"https:\/\/optimizmuskhe.hu\/index.php?rest_route=\/wp\/v2\/users\/1"}],"replies":[{"embeddable":true,"href":"https:\/\/optimizmuskhe.hu\/index.php?rest_route=%2Fwp%2Fv2%2Fcomments&post=105"}],"version-history":[{"count":2,"href":"https:\/\/optimizmuskhe.hu\/index.php?rest_route=\/wp\/v2\/pages\/105\/revisions"}],"predecessor-version":[{"id":156,"href":"https:\/\/optimizmuskhe.hu\/index.php?rest_route=\/wp\/v2\/pages\/105\/revisions\/156"}],"wp:attachment":[{"href":"https:\/\/optimizmuskhe.hu\/index.php?rest_route=%2Fwp%2Fv2%2Fmedia&parent=105"}],"curies":[{"name":"wp","href":"https:\/\/api.w.org\/{rel}","templated":true}]}}