{"id":112,"date":"2023-07-10T15:38:44","date_gmt":"2023-07-10T13:38:44","guid":{"rendered":"https:\/\/optimizmuskhe.hu\/?page_id=112"},"modified":"2025-07-03T14:23:01","modified_gmt":"2025-07-03T12:23:01","slug":"partner-szervezetek","status":"publish","type":"page","link":"https:\/\/optimizmuskhe.hu\/?page_id=112","title":{"rendered":"Partner szervezetek"},"content":{"rendered":"\n<figure class=\"wp-block-table aligncenter\"><table><tbody><tr><td>Mozaik Egyes\u00fclet Juta <br>Palett\u00e1s Egyes\u00fclet <br>K\u00f6rmez\u0151 K\u00f6zhaszn\u00fa Alap\u00edtv\u00e1ny <br>Bay Zolt\u00e1n Egyes\u00fclet <br>\u00c9szak Kaposi Partnerek Vid\u00e9kfejleszt\u00e9si Egyes\u00fclet <br><br>Az Egyes\u00fclet sz\u00e9lesk\u00f6r\u0171en egy\u00fctt dolgozik m\u00e1s civil szervezetekkel. \u00cdgy szakemberei r\u00e9szt vettek az \u00c9szak Kaposi Partnerek Leader Helyi k\u00f6z\u00f6ss\u00e9g 3 mikro-t\u00e9rs\u00e9g\u00e9ben (\u00f6sszesen 24 telep\u00fcl\u00e9sen) 3 civil szervezettel egy\u00fcttm\u0171k\u00f6dve (K\u00f6rmez\u0151 KHA, Juta Eg\u00e9szs\u00e9ges Lak\u00f3i\u00e9rt K\u00f6zalap\u00edtv\u00e1ny, Bay Zolt\u00e1n Egyes\u00fclet) &#8222;Falusi fejl\u0151d\u00e9st el\u0151seg\u00edt\u0151 k\u00e9pz\u00e9s sorozat megval\u00f3s\u00edt\u00e1sa&#8221;, valamint \u201eA kit\u00f6r\u00e9s \u00e9s a fejl\u0151d\u00e9s lehet\u0151s\u00e9gei vid\u00e9ken\u201dk\u00e9pz\u00e9si programok lebonyol\u00edt\u00e1s\u00e1ban. <br>Az egy\u00fcttm\u0171k\u00f6d\u00e9s sor\u00e1n r\u00e9szben a kor\u00e1bbi tapasztalatainkat \u00e9s kapcsolatrendszer\u00fcnket osztottuk meg a t\u00e1rsul\u00f3 civil szervezetekkel, r\u00e9szben oktat\u00e1si tematik\u00e1kkal, \u00e9s oktat\u00f3kkal seg\u00edtett\u00fck \u0151ket. A k\u00e9pz\u00e9ssorozat alatt \u00f6sszesen t\u00f6bb mint 250 vid\u00e9ki kistelep\u00fcl\u00e9sen \u00e9l\u0151 emberhez juttattunk el naprak\u00e9sz ismereteket.<\/td><\/tr><tr><td>&nbsp; Egyes\u00fclet\u00fcnk akt\u00edvan r\u00e9szt vesz az \u00c9szak Kaposi Partnerek Leader Helyi k\u00f6z\u00f6ss\u00e9g munk\u00e1j\u00e1ban annak alakul\u00e1sa \u00f3ta, \u00e9s p\u00e1ly\u00e1zat\u00edr\u00e1si, -menedzsel\u00e9si seg\u00edts\u00e9get ny\u00fajt a Helyi k\u00f6z\u00f6ss\u00e9g civil szervezeteinek \u00e9s \u00d6nkorm\u00e1nyzatainak egyar\u00e1nt. \u00cdgy r\u00e9szt vett\u00fcnk p\u00e9ld\u00e1ul a Bay Zolt\u00e1n Egyes\u00fclet \u00e1ltal \u00f6ssze\u00e1ll\u00edtott, az \u00c9szak-kaposi Partnerek Vid\u00e9kfejleszt\u00e9si Egyes\u00fclet HACS illet\u00e9kess\u00e9gi ter\u00fclet\u00e9n tal\u00e1lhat\u00f3 24 telep\u00fcl\u00e9st egys\u00e9ges arculattal, szerkezetben bemutat\u00f3, ig\u00e9nyes, tartalmas kiadv\u00e1ny l\u00e9trehoz\u00e1s\u00e1ban ugyan\u00fagy, mint a Mernyei Kertbar\u00e1tok \u00e1ltal 2013 m\u00e1rcius\u00e1ban tartott el\u0151ad\u00e1ssorozat megtart\u00e1s\u00e1ban. Jelenleg is akt\u00edvan egy\u00fcttm\u0171k\u00f6d\u00fcnk a Nemzeti M\u0171vel\u0151d\u00e9si Int\u00e9zet Somogy Megyei Irod\u00e1j\u00e1val, k\u00fcl\u00f6nb\u00f6z\u0151 k\u00e9pz\u00e9si programok megval\u00f3s\u00edt\u00e1s\u00e1ban.<\/td><\/tr><\/tbody><\/table><\/figure>\n","protected":false},"excerpt":{"rendered":"<p>Mozaik Egyes\u00fclet Juta Palett\u00e1s Egyes\u00fclet K\u00f6rmez\u0151 K\u00f6zhaszn\u00fa Alap\u00edtv\u00e1ny Bay Zolt\u00e1n Egyes\u00fclet \u00c9szak Kaposi Partnerek Vid\u00e9kfejleszt\u00e9si Egyes\u00fclet Az Egyes\u00fclet sz\u00e9lesk\u00f6r\u0171en egy\u00fctt dolgozik m\u00e1s civil szervezetekkel. \u00cdgy &hellip;<\/p>\n","protected":false},"author":1,"featured_media":0,"parent":0,"menu_order":0,"comment_status":"closed","ping_status":"closed","template":"","meta":{"footnotes":""},"class_list":["post-112","page","type-page","status-publish","hentry"],"_links":{"self":[{"href":"https:\/\/optimizmuskhe.hu\/index.php?rest_route=\/wp\/v2\/pages\/112","targetHints":{"allow":["GET"]}}],"collection":[{"href":"https:\/\/optimizmuskhe.hu\/index.php?rest_route=\/wp\/v2\/pages"}],"about":[{"href":"https:\/\/optimizmuskhe.hu\/index.php?rest_route=\/wp\/v2\/types\/page"}],"author":[{"embeddable":true,"href":"https:\/\/optimizmuskhe.hu\/index.php?rest_route=\/wp\/v2\/users\/1"}],"replies":[{"embeddable":true,"href":"https:\/\/optimizmuskhe.hu\/index.php?rest_route=%2Fwp%2Fv2%2Fcomments&post=112"}],"version-history":[{"count":1,"href":"https:\/\/optimizmuskhe.hu\/index.php?rest_route=\/wp\/v2\/pages\/112\/revisions"}],"predecessor-version":[{"id":114,"href":"https:\/\/optimizmuskhe.hu\/index.php?rest_route=\/wp\/v2\/pages\/112\/revisions\/114"}],"wp:attachment":[{"href":"https:\/\/optimizmuskhe.hu\/index.php?rest_route=%2Fwp%2Fv2%2Fmedia&parent=112"}],"curies":[{"name":"wp","href":"https:\/\/api.w.org\/{rel}","templated":true}]}}