{"id":115,"date":"2023-07-10T15:44:44","date_gmt":"2023-07-10T13:44:44","guid":{"rendered":"https:\/\/optimizmuskhe.hu\/?page_id=115"},"modified":"2025-09-09T13:34:11","modified_gmt":"2025-09-09T11:34:11","slug":"beszamolok","status":"publish","type":"page","link":"https:\/\/optimizmuskhe.hu\/?page_id=115","title":{"rendered":"Besz\u00e1mol\u00f3k"},"content":{"rendered":"\n<h2 class=\"wp-block-heading\">Leader p\u00e1ly\u00e1zatok<\/h2>\n\n\n\n<div class=\"wp-block-group\"><div class=\"wp-block-group__inner-container is-layout-constrained wp-block-group-is-layout-constrained\">\n<p><a href=\"https:\/\/optimizmuskhe.hu\/wp-content\/uploads\/2025\/09\/Irasbeli-beszamolo-Optimizmus.pdf\">Optimizmus KHE informatikai eszk\u00f6zparkj\u00e1nak fejleszt\u00e9se<\/a><\/p>\n\n\n\n<p><a href=\"https:\/\/optimizmuskhe.hu\/wp-content\/uploads\/2025\/09\/Beszamolo-Palettas.pdf\">Palett\u00e1s Egyes\u00fclet sz\u00e1m\u00edt\u00e1stechnikai eszk\u00f6zbeszerz\u00e9se<\/a><\/p>\n\n\n\n<p><a href=\"https:\/\/optimizmuskhe.hu\/wp-content\/uploads\/2025\/09\/Beszamolo-Mozaik.pdf\">Mozaik Egyes\u00fclet Juta projektor beszerz\u00e9se<\/a><\/p>\n\n\n\n<p><a href=\"https:\/\/optimizmuskhe.hu\/wp-content\/uploads\/2025\/09\/Beszamolo-BAY-Z.pdf\">Bay Zolt\u00e1n Egyes\u00fclet sz\u00e1m\u00edt\u00e1stechnikai berendez\u00e9seinek fejleszt\u00e9se<\/a><\/p>\n\n\n\n<p><\/p>\n\n\n\n<h2 class=\"wp-block-heading\">K\u00f6zhaszn\u00fas\u00e1gi jelent\u00e9sek<\/h2>\n<\/div><\/div>\n\n\n\n<div class=\"wp-block-group alignfull has-white-background-color has-background\" style=\"margin-top:0px;padding-top:4vw;padding-right:4vw;padding-bottom:4vw;padding-left:4vw\"><div class=\"wp-block-group__inner-container is-layout-constrained wp-container-core-group-is-layout-0a3be204 wp-block-group-is-layout-constrained\">\n<h2 class=\"wp-block-heading has-text-align-center\" style=\"margin-bottom:3vw\">2013<\/h2>\n\n\n\n<div class=\"wp-block-columns is-layout-flex wp-container-core-columns-is-layout-cbf61e6d wp-block-columns-is-layout-flex\">\n<div class=\"wp-block-column is-layout-flow wp-block-column-is-layout-flow\">\n<p><a href=\"https:\/\/optimizmuskhe.hu\/wp-content\/uploads\/2023\/07\/Optimizmus-2013-1.pdf\">Optimizmus KHE<\/a><\/p>\n\n\n\n<p><a href=\"https:\/\/optimizmuskhe.hu\/wp-content\/uploads\/2023\/07\/bay-z-2013-1.pdf\">Bay Zolt\u00e1n Egyes\u00fclet<\/a><\/p>\n\n\n\n<p><a href=\"https:\/\/optimizmuskhe.hu\/wp-content\/uploads\/2023\/07\/Kormezo-2013-1.pdf\">K\u00f6rmez\u0151 KHE<\/a><\/p>\n\n\n\n<p><a href=\"https:\/\/optimizmuskhe.hu\/wp-content\/uploads\/2023\/07\/Palettas-2013-1.pdf\" data-type=\"URL\" data-id=\"https:\/\/optimizmuskhe.hu\/wp-content\/uploads\/2023\/07\/Palettas-2013-1.pdf\">Palett\u00e1s KHE<\/a><\/p>\n\n\n\n<p><a href=\"https:\/\/optimizmuskhe.hu\/wp-content\/uploads\/2023\/07\/Mozaik-2013-1.pdf\">Mozaik Egyes\u00fclet<\/a><\/p>\n<\/div>\n<\/div>\n<\/div><\/div>\n\n\n\n<div class=\"wp-block-group has-white-color has-secondary-background-color has-text-color has-background\" style=\"margin-top:0px;padding-top:4vw;padding-right:4vw;padding-bottom:4vw;padding-left:4vw\"><div class=\"wp-block-group__inner-container is-layout-constrained wp-container-core-group-is-layout-ec1a43d0 wp-block-group-is-layout-constrained\">\n<h2 class=\"wp-block-heading has-text-align-center has-xx-large-font-size\">2012<\/h2>\n\n\n\n<p class=\"has-text-align-left\"><a href=\"https:\/\/optimizmuskhe.hu\/wp-content\/uploads\/2023\/07\/Optimizmus-2012-1.pdf\">Optimizmus KHE<\/a><\/p>\n\n\n\n<p><a href=\"https:\/\/optimizmuskhe.hu\/wp-content\/uploads\/2023\/07\/bay-z-2012-1.pdf\">Bay Zolt\u00e1n Egyes\u00fclet<\/a><\/p>\n\n\n\n<p><a href=\"https:\/\/optimizmuskhe.hu\/wp-content\/uploads\/2023\/07\/Kormezo-2012-1.pdf\">K\u00f6rmez\u0151 KHE<\/a><\/p>\n\n\n\n<p><a href=\"https:\/\/optimizmuskhe.hu\/wp-content\/uploads\/2023\/07\/Palettas-2012-1.pdf\">Palett\u00e1s KHE<\/a><\/p>\n\n\n\n<p><a href=\"https:\/\/optimizmuskhe.hu\/wp-content\/uploads\/2023\/07\/Mozaik-2012-1.pdf\">Mozaik Egyes\u00fclet<\/a><\/p>\n<\/div><\/div>\n\n\n\n<div class=\"wp-block-group alignfull has-white-background-color has-background\" style=\"margin-top:0px;padding-top:4vw;padding-right:4vw;padding-bottom:4vw;padding-left:4vw\"><div class=\"wp-block-group__inner-container is-layout-constrained wp-container-core-group-is-layout-ec1a43d0 wp-block-group-is-layout-constrained\">\n<h2 class=\"wp-block-heading has-text-align-center\" style=\"margin-bottom:3vw\">2011<\/h2>\n\n\n\n<p><a href=\"https:\/\/optimizmuskhe.hu\/wp-content\/uploads\/2023\/07\/Optimizmus-2011-1.pdf\">Optimizmus KHE<\/a><\/p>\n\n\n\n<p><a href=\"https:\/\/optimizmuskhe.hu\/wp-content\/uploads\/2023\/07\/bay-z-2011-1.pdf\">Bay Zolt\u00e1n Egyes\u00fclet<\/a><\/p>\n\n\n\n<p><a href=\"https:\/\/optimizmuskhe.hu\/wp-content\/uploads\/2023\/07\/Kormezo-2011-2.pdf\">K\u00f6rmez\u0151 KHE<\/a><\/p>\n\n\n\n<p><a href=\"https:\/\/optimizmuskhe.hu\/wp-content\/uploads\/2023\/07\/Palettas-2011-2.pdf\">Palett\u00e1s KHE<\/a><\/p>\n\n\n\n<p><a href=\"https:\/\/optimizmuskhe.hu\/wp-content\/uploads\/2023\/07\/Mozaik-2011-2.pdf\">Mozaik Egyes\u00fclet<\/a><\/p>\n<\/div><\/div>\n","protected":false},"excerpt":{"rendered":"<p>Leader p\u00e1ly\u00e1zatok Optimizmus KHE informatikai eszk\u00f6zparkj\u00e1nak fejleszt\u00e9se Palett\u00e1s Egyes\u00fclet sz\u00e1m\u00edt\u00e1stechnikai eszk\u00f6zbeszerz\u00e9se Mozaik Egyes\u00fclet Juta projektor beszerz\u00e9se Bay Zolt\u00e1n Egyes\u00fclet sz\u00e1m\u00edt\u00e1stechnikai berendez\u00e9seinek fejleszt\u00e9se K\u00f6zhaszn\u00fas\u00e1gi jelent\u00e9sek 2013 &hellip;<\/p>\n","protected":false},"author":1,"featured_media":0,"parent":0,"menu_order":0,"comment_status":"closed","ping_status":"closed","template":"","meta":{"footnotes":""},"class_list":["post-115","page","type-page","status-publish","hentry"],"_links":{"self":[{"href":"https:\/\/optimizmuskhe.hu\/index.php?rest_route=\/wp\/v2\/pages\/115","targetHints":{"allow":["GET"]}}],"collection":[{"href":"https:\/\/optimizmuskhe.hu\/index.php?rest_route=\/wp\/v2\/pages"}],"about":[{"href":"https:\/\/optimizmuskhe.hu\/index.php?rest_route=\/wp\/v2\/types\/page"}],"author":[{"embeddable":true,"href":"https:\/\/optimizmuskhe.hu\/index.php?rest_route=\/wp\/v2\/users\/1"}],"replies":[{"embeddable":true,"href":"https:\/\/optimizmuskhe.hu\/index.php?rest_route=%2Fwp%2Fv2%2Fcomments&post=115"}],"version-history":[{"count":7,"href":"https:\/\/optimizmuskhe.hu\/index.php?rest_route=\/wp\/v2\/pages\/115\/revisions"}],"predecessor-version":[{"id":207,"href":"https:\/\/optimizmuskhe.hu\/index.php?rest_route=\/wp\/v2\/pages\/115\/revisions\/207"}],"wp:attachment":[{"href":"https:\/\/optimizmuskhe.hu\/index.php?rest_route=%2Fwp%2Fv2%2Fmedia&parent=115"}],"curies":[{"name":"wp","href":"https:\/\/api.w.org\/{rel}","templated":true}]}}